{"id":62,"date":"2024-11-07T08:17:55","date_gmt":"2024-11-07T08:17:55","guid":{"rendered":"https:\/\/wepas.fi\/?page_id=62"},"modified":"2025-07-10T08:29:47","modified_gmt":"2025-07-10T08:29:47","slug":"hae-meille-asumaan","status":"publish","type":"page","link":"https:\/\/wepas.fi\/?page_id=62","title":{"rendered":"Hae meille j\u00e4seneksi"},"content":{"rendered":"\n<figure class=\"wp-block-image alignleft size-large is-resized\"><img loading=\"lazy\" decoding=\"async\" width=\"1024\" height=\"576\" src=\"https:\/\/wepas.fi\/wp-content\/uploads\/2024\/11\/IMG202411081353391-1024x576.jpg\" alt=\"Syksyinen piha\" class=\"wp-image-148\" style=\"width:512px;height:auto\" srcset=\"https:\/\/wepas.fi\/wp-content\/uploads\/2024\/11\/IMG202411081353391-1024x576.jpg 1024w, https:\/\/wepas.fi\/wp-content\/uploads\/2024\/11\/IMG202411081353391-300x169.jpg 300w, https:\/\/wepas.fi\/wp-content\/uploads\/2024\/11\/IMG202411081353391-768x432.jpg 768w, https:\/\/wepas.fi\/wp-content\/uploads\/2024\/11\/IMG202411081353391-1536x864.jpg 1536w, https:\/\/wepas.fi\/wp-content\/uploads\/2024\/11\/IMG202411081353391-2048x1152.jpg 2048w\" sizes=\"auto, (max-width: 1024px) 100vw, 1024px\" \/><\/figure>\n\n\n\n<div class=\"wp-block-group alignwide has-global-padding is-layout-constrained wp-block-group-is-layout-constrained\">\n<p>Jos olet aktiivinen, osallistuva fyysisesti liikuntavammainen ihminen ja haluat tulla asumaan meille, tule ensin keskustelemaan kanssamme j\u00e4senyydest\u00e4. Samalla saat tietoa palveluasumisesta meill\u00e4 sek\u00e4 toimintatavoista ja muista asumiseen liittyvist\u00e4 kysymyksist\u00e4. Samalla voit esitt\u00e4\u00e4 omia kysymyksi\u00e4si ja n\u00e4kemyksi\u00e4si sek\u00e4 toiveitasi. Jos asioista p\u00e4\u00e4st\u00e4\u00e4n yhteisymm\u00e4rrykseen molempia tyydytt\u00e4v\u00e4ll\u00e4 tavalla, voit hakea meille j\u00e4seneksi. Huomaathan my\u00f6s, ett\u00e4 jos vapaita asuntoja ei ole, saatamme joutua odottamaan pitk\u00e4\u00e4nkin sopivan asunnon vapautumista Abraham Wetterin tie 11 kiinteist\u00f6ss\u00e4 ja ett\u00e4 Helsingiss\u00e4 kirjoilla olevat ovat etusijalla. Mik\u00e4li et ole helsinkil\u00e4inen, ota yhteytt\u00e4 Helsingin kaupungin vammaisneuvontaan saadaksesi lis\u00e4tietoja muuttamiseen liittyviin kysymyksiin.<\/p>\n\n\n\n<p>J\u00e4tetty\u00e4si vapaamuotoisen j\u00e4senhakemuksen, yhdistyksen hallitus k\u00e4sittelee sen. Jos se hyv\u00e4ksyt\u00e4\u00e4n, on aika ottaa yhteytt\u00e4 alueesi vammaissosiaality\u00f6h\u00f6n asioitasi hoitavalle sosiaality\u00f6ntekij\u00e4lle. Voit soittaa vammaissosiaality\u00f6h\u00f6n tai varata k\u00e4yntiajan. Samoin sinun t\u00e4ytyy tehd\u00e4 vammaispalveluhakemus palveluasumisesta ja toimittaa se alueesi vammaissosiaality\u00f6h\u00f6n. Laita liitteeksi yhdistyksemme hallituksen p\u00e4\u00e4t\u00f6s j\u00e4senyydest\u00e4si. Voit my\u00f6s halutessasi laittaa varmuuden vuoksi vuokra-asuntohakemuksen Helsingin kaupungille Heka Asunnot Oy:n asuntoon Abraham Wetterin tie 11 kiinteist\u00f6ss\u00e4. Sosiaality\u00f6ntekij\u00e4si toimittaa hakemuksesi Vammaispalvelujen j\u00e4rjest\u00e4misen yksik\u00f6n ratkaistavaksi.<\/p>\n\n\n\n<p>Mik\u00e4li Vammaispalvelujen j\u00e4rjest\u00e4misen yksikk\u00f6 vahvistaa hakemuksesi, vammaissosiaality\u00f6n sosiaality\u00f6ntekij\u00e4 ilmoittaa sinulle kirjeitse, puhelimitse tai s\u00e4hk\u00f6postitse p\u00e4\u00e4t\u00f6ksest\u00e4. Tieto p\u00e4\u00e4t\u00f6ksest\u00e4 menee samalla my\u00f6s asuntosihteerille (Kaupunkiymp\u00e4rist\u00f6, Asuntopalvelut), joka p\u00e4\u00e4tt\u00e4\u00e4 kaupungin vuokra-asuntojen jakamisesta ja joka ottaa sinuun yhteytt\u00e4 s\u00e4hk\u00f6postitse tai kirjeitse. Sinulle tarjotaan asuntoa ja sinulla on mahdollisuus k\u00e4yd\u00e4 katsomassa tulevaa asuntoasi. Jos otat sen vastaan, saat s\u00e4hk\u00f6isen vuokrasopimuksen, joka sinun tulee allekirjoittaa. T\u00e4m\u00e4n j\u00e4lkeen voit noutaa asuntosi avaimet. Lopuksi ota yhteys yhdistykseemme ja sovi muuttosi ajankohta, jolloin tulet palveluidemme piiriin.<\/p>\n\n\n\n<p><a href=\"https:\/\/wepas.fi\">Paluu etusivulle<\/a><\/p>\n<\/div>\n","protected":false},"excerpt":{"rendered":"<p>Jos olet aktiivinen, osallistuva fyysisesti liikuntavammainen ihminen ja haluat tulla asumaan meille, tule ensin keskustelemaan kanssamme j\u00e4senyydest\u00e4. Samalla saat tietoa palveluasumisesta meill\u00e4 sek\u00e4 toimintatavoista ja muista asumiseen liittyvist\u00e4 kysymyksist\u00e4. Samalla voit esitt\u00e4\u00e4 omia kysymyksi\u00e4si ja n\u00e4kemyksi\u00e4si sek\u00e4 toiveitasi. Jos asioista p\u00e4\u00e4st\u00e4\u00e4n yhteisymm\u00e4rrykseen molempia tyydytt\u00e4v\u00e4ll\u00e4 tavalla, voit hakea meille j\u00e4seneksi. Huomaathan my\u00f6s, ett\u00e4 jos vapaita asuntoja [&hellip;]<\/p>\n","protected":false},"author":1,"featured_media":0,"parent":0,"menu_order":0,"comment_status":"closed","ping_status":"closed","template":"","meta":{"footnotes":""},"class_list":["post-62","page","type-page","status-publish","hentry"],"_links":{"self":[{"href":"https:\/\/wepas.fi\/index.php?rest_route=\/wp\/v2\/pages\/62","targetHints":{"allow":["GET"]}}],"collection":[{"href":"https:\/\/wepas.fi\/index.php?rest_route=\/wp\/v2\/pages"}],"about":[{"href":"https:\/\/wepas.fi\/index.php?rest_route=\/wp\/v2\/types\/page"}],"author":[{"embeddable":true,"href":"https:\/\/wepas.fi\/index.php?rest_route=\/wp\/v2\/users\/1"}],"replies":[{"embeddable":true,"href":"https:\/\/wepas.fi\/index.php?rest_route=%2Fwp%2Fv2%2Fcomments&post=62"}],"version-history":[{"count":13,"href":"https:\/\/wepas.fi\/index.php?rest_route=\/wp\/v2\/pages\/62\/revisions"}],"predecessor-version":[{"id":358,"href":"https:\/\/wepas.fi\/index.php?rest_route=\/wp\/v2\/pages\/62\/revisions\/358"}],"wp:attachment":[{"href":"https:\/\/wepas.fi\/index.php?rest_route=%2Fwp%2Fv2%2Fmedia&parent=62"}],"curies":[{"name":"wp","href":"https:\/\/api.w.org\/{rel}","templated":true}]}}