{"id":63,"date":"2024-11-07T08:20:05","date_gmt":"2024-11-07T08:20:05","guid":{"rendered":"https:\/\/wepas.fi\/?page_id=63"},"modified":"2025-06-10T16:46:51","modified_gmt":"2025-06-10T16:46:51","slug":"ota-meihin-yhteytta","status":"publish","type":"page","link":"https:\/\/wepas.fi\/?page_id=63","title":{"rendered":"Ota meihin yhteytt\u00e4"},"content":{"rendered":"\n<figure class=\"wp-block-image alignleft size-full is-resized\"><img loading=\"lazy\" decoding=\"async\" width=\"694\" height=\"398\" src=\"https:\/\/wepas.fi\/wp-content\/uploads\/2024\/11\/torni.jpg\" alt=\"Vesitorni\" class=\"wp-image-89\" style=\"width:506px;height:auto\" srcset=\"https:\/\/wepas.fi\/wp-content\/uploads\/2024\/11\/torni.jpg 694w, https:\/\/wepas.fi\/wp-content\/uploads\/2024\/11\/torni-300x172.jpg 300w\" sizes=\"auto, (max-width: 694px) 100vw, 694px\" \/><\/figure>\n\n\n\n<p>Mik\u00e4li sinulla on mit\u00e4 tahansa kysytt\u00e4v\u00e4\u00e4 yhdistyksest\u00e4mme, ota siin\u00e4 tapauksessa arkailematta yhteytt\u00e4 meihin. Sivun alaosassa ovat yhteystiedot.<\/p>\n\n\n\n<p>Voit my\u00f6s tulla k\u00e4ym\u00e4\u00e4n, toki sovi tapaaminen etuk\u00e4teen puhelimitse tai s\u00e4hk\u00f6postitse, osoitteessa Abraham Wetterin tie 11 C 67, 00810 Helsinki. Toimistomme sijaitsee kiinteist\u00f6n parkkipaikan puolella kiinteist\u00f6n irtaimistovarastorakennuksen vieress\u00e4 ja sinne on oma sis\u00e4\u00e4nk\u00e4ynti. Jos sinulla on vaikea l\u00f6yt\u00e4\u00e4 toimistomme sijainti, soita silloin meille, niin tarvittaessa tulemme vaikka sinua vastaan.<\/p>\n\n\n\n<p>Meille p\u00e4\u00e4see joko omalla autolla, julkisilla kulkuv\u00e4lineill\u00e4, polkupy\u00f6r\u00e4ll\u00e4 tai k\u00e4vellen riippuen siit\u00e4, miss\u00e4 asut. Metrolla kuljettaessa kannattaa j\u00e4\u00e4d\u00e4 pois metrojunasta Herttoniemen metroasemalla, josta meille voi jatkaa bussilinjoilla 80 ja 82. Samoilla bussilinjoilla p\u00e4\u00e4se meille my\u00f6s It\u00e4keskuksen metro- ja bussiasemalta. J\u00e4\u00e4 pois bussista pys\u00e4kill\u00e4 Porolahti (HSL Reittioppaassa tunnus H4182 ja H4183), joka on aivan kiinteist\u00f6n, jossa yhdistyksemme sijaitsee, kohdalla. Alhaalla on kartta suunnistamisen helpottamiseksi.<\/p>\n\n\n\n<p>Puhelin:<\/p>\n\n\n\n<p>050\u00a0402 9132 (toimihenkil\u00f6mme)<\/p>\n\n\n\n<p>S\u00e4hk\u00f6posti: <\/p>\n\n\n\n<p>wepas[at]wepas.fi tai wepas.toimistovastaava[at]gmail.com<\/p>\n\n\n\n<p><\/p>\n\n\n\n<figure class=\"wp-block-image aligncenter size-full\"><a href=\"https:\/\/www.google.com\/maps\/place\/WEPAS+-+Wetterin+palveluasumisyhdistys+ry.\/@60.1927414,25.0434698,16z\/data=!3m1!4b1!4m6!3m5!1s0x46920935b34b2e71:0xd125ec5c0afafc95!8m2!3d60.1927414!4d25.0460501!16s%2Fg%2F1w3458cq?authuser=0&amp;entry=ttu&amp;g_ep=EgoyMDI0MTExOS4yIKXMDSoASAFQAw%3D%3D\" target=\"_blank\" rel=\"noreferrer noopener\"><img loading=\"lazy\" decoding=\"async\" width=\"808\" height=\"462\" src=\"https:\/\/wepas.fi\/wp-content\/uploads\/2024\/11\/karttawepas.jpg\" alt=\"Kartta Wepasin sijainnista\" class=\"wp-image-183\" srcset=\"https:\/\/wepas.fi\/wp-content\/uploads\/2024\/11\/karttawepas.jpg 808w, https:\/\/wepas.fi\/wp-content\/uploads\/2024\/11\/karttawepas-300x172.jpg 300w, https:\/\/wepas.fi\/wp-content\/uploads\/2024\/11\/karttawepas-768x439.jpg 768w\" sizes=\"auto, (max-width: 808px) 100vw, 808px\" \/><\/a><figcaption class=\"wp-element-caption\">Napauta kuvaa n\u00e4hd\u00e4ksesi kartan suurempana. <\/figcaption><\/figure>\n\n\n\n<p><a href=\"https:\/\/wepas.fi\">Paluu etusivulle<\/a><\/p>\n","protected":false},"excerpt":{"rendered":"<p>Mik\u00e4li sinulla on mit\u00e4 tahansa kysytt\u00e4v\u00e4\u00e4 yhdistyksest\u00e4mme, ota siin\u00e4 tapauksessa arkailematta yhteytt\u00e4 meihin. Sivun alaosassa ovat yhteystiedot. Voit my\u00f6s tulla k\u00e4ym\u00e4\u00e4n, toki sovi tapaaminen etuk\u00e4teen puhelimitse tai s\u00e4hk\u00f6postitse, osoitteessa Abraham Wetterin tie 11 C 67, 00810 Helsinki. Toimistomme sijaitsee kiinteist\u00f6n parkkipaikan puolella kiinteist\u00f6n irtaimistovarastorakennuksen vieress\u00e4 ja sinne on oma sis\u00e4\u00e4nk\u00e4ynti. Jos sinulla on vaikea l\u00f6yt\u00e4\u00e4 [&hellip;]<\/p>\n","protected":false},"author":1,"featured_media":0,"parent":0,"menu_order":0,"comment_status":"closed","ping_status":"closed","template":"","meta":{"footnotes":""},"class_list":["post-63","page","type-page","status-publish","hentry"],"_links":{"self":[{"href":"https:\/\/wepas.fi\/index.php?rest_route=\/wp\/v2\/pages\/63","targetHints":{"allow":["GET"]}}],"collection":[{"href":"https:\/\/wepas.fi\/index.php?rest_route=\/wp\/v2\/pages"}],"about":[{"href":"https:\/\/wepas.fi\/index.php?rest_route=\/wp\/v2\/types\/page"}],"author":[{"embeddable":true,"href":"https:\/\/wepas.fi\/index.php?rest_route=\/wp\/v2\/users\/1"}],"replies":[{"embeddable":true,"href":"https:\/\/wepas.fi\/index.php?rest_route=%2Fwp%2Fv2%2Fcomments&post=63"}],"version-history":[{"count":21,"href":"https:\/\/wepas.fi\/index.php?rest_route=\/wp\/v2\/pages\/63\/revisions"}],"predecessor-version":[{"id":355,"href":"https:\/\/wepas.fi\/index.php?rest_route=\/wp\/v2\/pages\/63\/revisions\/355"}],"wp:attachment":[{"href":"https:\/\/wepas.fi\/index.php?rest_route=%2Fwp%2Fv2%2Fmedia&parent=63"}],"curies":[{"name":"wp","href":"https:\/\/api.w.org\/{rel}","templated":true}]}}